{"id":905,"date":"2023-02-12T17:04:28","date_gmt":"2023-02-12T17:04:28","guid":{"rendered":"https:\/\/appelfabriek.be\/?page_id=905"},"modified":"2025-07-01T05:43:19","modified_gmt":"2025-07-01T05:43:19","slug":"contact","status":"publish","type":"page","link":"https:\/\/appelfabriek.be\/fr\/contact\/","title":{"rendered":"Contact"},"content":{"rendered":"<div data-elementor-type=\"wp-page\" data-elementor-id=\"905\" class=\"elementor elementor-905\">\n\t\t\t\t\t\t<div class=\"elementor-inner\">\n\t\t\t\t<div class=\"elementor-section-wrap\">\n\t\t\t\t\t\t\t\t\t<section class=\"elementor-section elementor-top-section elementor-element elementor-element-0332b45 elementor-section-boxed elementor-section-height-default elementor-section-height-default\" data-id=\"0332b45\" data-element_type=\"section\">\n\t\t\t\t\t\t<div class=\"elementor-container elementor-column-gap-default\">\n\t\t\t\t\t\t\t<div class=\"elementor-row\">\n\t\t\t\t\t<div class=\"elementor-column elementor-col-100 elementor-top-column elementor-element elementor-element-4bcf1d4\" data-id=\"4bcf1d4\" data-element_type=\"column\">\n\t\t\t<div class=\"elementor-column-wrap elementor-element-populated\">\n\t\t\t\t\t\t\t<div class=\"elementor-widget-wrap\">\n\t\t\t\t\t\t<div class=\"elementor-element elementor-element-bf780d9 elementor-widget elementor-widget-image\" data-id=\"bf780d9\" data-element_type=\"widget\" data-widget_type=\"image.default\">\n\t\t\t\t<div class=\"elementor-widget-container\">\n\t\t\t\t\t\t\t\t<div class=\"elementor-image\">\n\t\t\t\t\t\t\t\t\t\t\t\t<img decoding=\"async\" width=\"1024\" height=\"523\" src=\"https:\/\/appelfabriek.be\/wp-content\/uploads\/2023\/05\/739A6400-small-header-1024x523.jpg\" class=\"attachment-large size-large wp-image-1287\" alt=\"\" loading=\"lazy\" srcset=\"https:\/\/appelfabriek.be\/wp-content\/uploads\/2023\/05\/739A6400-small-header-1024x523.jpg 1024w, https:\/\/appelfabriek.be\/wp-content\/uploads\/2023\/05\/739A6400-small-header-300x153.jpg 300w, https:\/\/appelfabriek.be\/wp-content\/uploads\/2023\/05\/739A6400-small-header-768x392.jpg 768w, https:\/\/appelfabriek.be\/wp-content\/uploads\/2023\/05\/739A6400-small-header-18x9.jpg 18w, https:\/\/appelfabriek.be\/wp-content\/uploads\/2023\/05\/739A6400-small-header.jpg 1468w\" sizes=\"(max-width: 1024px) 100vw, 1024px\" \/>\t\t\t\t\t\t\t\t\t\t\t\t\t\t<\/div>\n\t\t\t\t\t\t<\/div>\n\t\t\t\t<\/div>\n\t\t\t\t\t\t<\/div>\n\t\t\t\t\t<\/div>\n\t\t<\/div>\n\t\t\t\t\t\t\t\t<\/div>\n\t\t\t\t\t<\/div>\n\t\t<\/section>\n\t\t\t\t<section class=\"elementor-section elementor-top-section elementor-element elementor-element-34cbd81 elementor-section-boxed elementor-section-height-default elementor-section-height-default\" data-id=\"34cbd81\" data-element_type=\"section\" data-settings=\"{&quot;background_background&quot;:&quot;classic&quot;}\">\n\t\t\t\t\t\t<div class=\"elementor-container elementor-column-gap-default\">\n\t\t\t\t\t\t\t<div class=\"elementor-row\">\n\t\t\t\t\t<div class=\"elementor-column elementor-col-100 elementor-top-column elementor-element elementor-element-c55f664\" data-id=\"c55f664\" data-element_type=\"column\">\n\t\t\t<div class=\"elementor-column-wrap elementor-element-populated\">\n\t\t\t\t\t\t\t<div class=\"elementor-widget-wrap\">\n\t\t\t\t\t\t<div class=\"elementor-element elementor-element-a5e247a elementor-widget elementor-widget-heading\" data-id=\"a5e247a\" data-element_type=\"widget\" data-widget_type=\"heading.default\">\n\t\t\t\t<div class=\"elementor-widget-container\">\n\t\t\t<h1 class=\"elementor-heading-title elementor-size-default\">Contactez-nous<br><\/h1>\t\t<\/div>\n\t\t\t\t<\/div>\n\t\t\t\t<div class=\"elementor-element elementor-element-cd9e965 elementor-widget elementor-widget-heading\" data-id=\"cd9e965\" data-element_type=\"widget\" data-widget_type=\"heading.default\">\n\t\t\t\t<div class=\"elementor-widget-container\">\n\t\t\t<h2 class=\"elementor-heading-title elementor-size-default\">Avez vous des questions concernant le magasin, les pommes ou l'atelier de pressage?<\/h2>\t\t<\/div>\n\t\t\t\t<\/div>\n\t\t\t\t\t\t<\/div>\n\t\t\t\t\t<\/div>\n\t\t<\/div>\n\t\t\t\t\t\t\t\t<\/div>\n\t\t\t\t\t<\/div>\n\t\t<\/section>\n\t\t\t\t<section class=\"elementor-section elementor-top-section elementor-element elementor-element-741d697 elementor-section-boxed elementor-section-height-default elementor-section-height-default\" data-id=\"741d697\" data-element_type=\"section\">\n\t\t\t\t\t\t<div class=\"elementor-container elementor-column-gap-default\">\n\t\t\t\t\t\t\t<div class=\"elementor-row\">\n\t\t\t\t\t<div class=\"elementor-column elementor-col-33 elementor-top-column elementor-element elementor-element-27ee073\" data-id=\"27ee073\" data-element_type=\"column\">\n\t\t\t<div class=\"elementor-column-wrap elementor-element-populated\">\n\t\t\t\t\t\t\t<div class=\"elementor-widget-wrap\">\n\t\t\t\t\t\t<div class=\"elementor-element elementor-element-b25001e elementor-widget elementor-widget-heading\" data-id=\"b25001e\" data-element_type=\"widget\" data-widget_type=\"heading.default\">\n\t\t\t\t<div class=\"elementor-widget-container\">\n\t\t\t<h2 class=\"elementor-heading-title elementor-size-default\">Magasin<\/h2>\t\t<\/div>\n\t\t\t\t<\/div>\n\t\t\t\t<div class=\"elementor-element elementor-element-6e8a7d5 elementor-widget elementor-widget-heading\" data-id=\"6e8a7d5\" data-element_type=\"widget\" data-widget_type=\"heading.default\">\n\t\t\t\t<div class=\"elementor-widget-container\">\n\t\t\t<div class=\"elementor-heading-title elementor-size-default\">C\u00e9line: 0498 067 395<br>Email: celinefrisque@gmail.com<br><\/div>\t\t<\/div>\n\t\t\t\t<\/div>\n\t\t\t\t\t\t<\/div>\n\t\t\t\t\t<\/div>\n\t\t<\/div>\n\t\t\t\t<div class=\"elementor-column elementor-col-33 elementor-top-column elementor-element elementor-element-6c794c7\" data-id=\"6c794c7\" data-element_type=\"column\">\n\t\t\t<div class=\"elementor-column-wrap elementor-element-populated\">\n\t\t\t\t\t\t\t<div class=\"elementor-widget-wrap\">\n\t\t\t\t\t\t<div class=\"elementor-element elementor-element-9935320 elementor-widget elementor-widget-heading\" data-id=\"9935320\" data-element_type=\"widget\" data-widget_type=\"heading.default\">\n\t\t\t\t<div class=\"elementor-widget-container\">\n\t\t\t<h2 class=\"elementor-heading-title elementor-size-default\">Pommes<\/h2>\t\t<\/div>\n\t\t\t\t<\/div>\n\t\t\t\t<div class=\"elementor-element elementor-element-1cdd8e5 elementor-widget elementor-widget-heading\" data-id=\"1cdd8e5\" data-element_type=\"widget\" data-widget_type=\"heading.default\">\n\t\t\t\t<div class=\"elementor-widget-container\">\n\t\t\t<div class=\"elementor-heading-title elementor-size-default\">Arnaud: 0495 338 618<br>Michel et H\u00e9l\u00e8ne: 016 47 27 81<br>Email: frisque.steenberghen@gmail.com<\/div>\t\t<\/div>\n\t\t\t\t<\/div>\n\t\t\t\t\t\t<\/div>\n\t\t\t\t\t<\/div>\n\t\t<\/div>\n\t\t\t\t<div class=\"elementor-column elementor-col-33 elementor-top-column elementor-element elementor-element-29c68cc\" data-id=\"29c68cc\" data-element_type=\"column\">\n\t\t\t<div class=\"elementor-column-wrap elementor-element-populated\">\n\t\t\t\t\t\t\t<div class=\"elementor-widget-wrap\">\n\t\t\t\t\t\t<div class=\"elementor-element elementor-element-58cbcee elementor-widget elementor-widget-heading\" data-id=\"58cbcee\" data-element_type=\"widget\" data-widget_type=\"heading.default\">\n\t\t\t\t<div class=\"elementor-widget-container\">\n\t\t\t<h2 class=\"elementor-heading-title elementor-size-default\">Atelier de pressage<\/h2>\t\t<\/div>\n\t\t\t\t<\/div>\n\t\t\t\t<div class=\"elementor-element elementor-element-a5c0b5a elementor-widget elementor-widget-heading\" data-id=\"a5c0b5a\" data-element_type=\"widget\" data-widget_type=\"heading.default\">\n\t\t\t\t<div class=\"elementor-widget-container\">\n\t\t\t<div class=\"elementor-heading-title elementor-size-default\">C\u00e9line: celinefrisque@gmail.com<br>Email: celinefrisque@gmail.com<\/div>\t\t<\/div>\n\t\t\t\t<\/div>\n\t\t\t\t\t\t<\/div>\n\t\t\t\t\t<\/div>\n\t\t<\/div>\n\t\t\t\t\t\t\t\t<\/div>\n\t\t\t\t\t<\/div>\n\t\t<\/section>\n\t\t\t\t<section class=\"elementor-section elementor-top-section elementor-element elementor-element-ba11f18 elementor-section-boxed elementor-section-height-default elementor-section-height-default\" data-id=\"ba11f18\" data-element_type=\"section\">\n\t\t\t\t\t\t<div class=\"elementor-container elementor-column-gap-default\">\n\t\t\t\t\t\t\t<div class=\"elementor-row\">\n\t\t\t\t\t<div class=\"elementor-column elementor-col-100 elementor-top-column elementor-element elementor-element-d940ee8\" data-id=\"d940ee8\" data-element_type=\"column\">\n\t\t\t<div class=\"elementor-column-wrap elementor-element-populated\">\n\t\t\t\t\t\t\t<div class=\"elementor-widget-wrap\">\n\t\t\t\t\t\t<div class=\"elementor-element elementor-element-7cc7743 elementor-widget elementor-widget-image\" data-id=\"7cc7743\" data-element_type=\"widget\" data-widget_type=\"image.default\">\n\t\t\t\t<div class=\"elementor-widget-container\">\n\t\t\t\t\t\t\t\t<div class=\"elementor-image\">\n\t\t\t\t\t\t\t\t\t\t\t\t<img decoding=\"async\" width=\"300\" height=\"225\" src=\"https:\/\/appelfabriek.be\/wp-content\/uploads\/2023\/02\/ons-team-300x225.jpg\" class=\"attachment-medium size-medium wp-image-931\" alt=\"\" loading=\"lazy\" srcset=\"https:\/\/appelfabriek.be\/wp-content\/uploads\/2023\/02\/ons-team-300x225.jpg 300w, https:\/\/appelfabriek.be\/wp-content\/uploads\/2023\/02\/ons-team-1024x768.jpg 1024w, https:\/\/appelfabriek.be\/wp-content\/uploads\/2023\/02\/ons-team-768x576.jpg 768w, https:\/\/appelfabriek.be\/wp-content\/uploads\/2023\/02\/ons-team-1536x1152.jpg 1536w, https:\/\/appelfabriek.be\/wp-content\/uploads\/2023\/02\/ons-team-16x12.jpg 16w, https:\/\/appelfabriek.be\/wp-content\/uploads\/2023\/02\/ons-team.jpg 1728w\" sizes=\"(max-width: 300px) 100vw, 300px\" \/>\t\t\t\t\t\t\t\t\t\t\t\t\t\t<\/div>\n\t\t\t\t\t\t<\/div>\n\t\t\t\t<\/div>\n\t\t\t\t\t\t<\/div>\n\t\t\t\t\t<\/div>\n\t\t<\/div>\n\t\t\t\t\t\t\t\t<\/div>\n\t\t\t\t\t<\/div>\n\t\t<\/section>\n\t\t\t\t\t\t\t\t\t<\/div>\n\t\t\t<\/div>\n\t\t\t\t\t<\/div>","protected":false},"excerpt":{"rendered":"<p>Contacteer ons Vragen over de winkel, appelen of perserij? winkel Telefoon C\u00e9line: 0498 067 395Email: celinefrisque@gmail.com Appelen Telefoon Arnaud: 0495 338 618Telefoon Michel en H\u00e9l\u00e8ne: 016 47 27 81Email: frisque.steenberghen@gmail.com Perserij Telefoon C\u00e9line: celinefrisque@gmail.comEmail: celinefrisque@gmail.com<\/p>","protected":false},"author":1,"featured_media":0,"parent":0,"menu_order":0,"comment_status":"closed","ping_status":"closed","template":"","meta":{"site-sidebar-layout":"no-sidebar","site-content-layout":"page-builder","ast-global-header-display":"","ast-main-header-display":"","ast-hfb-above-header-display":"","ast-hfb-below-header-display":"","ast-hfb-mobile-header-display":"","site-post-title":"disabled","ast-breadcrumbs-content":"","ast-featured-img":"disabled","footer-sml-layout":"","theme-transparent-header-meta":"default","adv-header-id-meta":"","stick-header-meta":"","header-above-stick-meta":"","header-main-stick-meta":"","header-below-stick-meta":""},"_links":{"self":[{"href":"https:\/\/appelfabriek.be\/fr\/wp-json\/wp\/v2\/pages\/905"}],"collection":[{"href":"https:\/\/appelfabriek.be\/fr\/wp-json\/wp\/v2\/pages"}],"about":[{"href":"https:\/\/appelfabriek.be\/fr\/wp-json\/wp\/v2\/types\/page"}],"author":[{"embeddable":true,"href":"https:\/\/appelfabriek.be\/fr\/wp-json\/wp\/v2\/users\/1"}],"replies":[{"embeddable":true,"href":"https:\/\/appelfabriek.be\/fr\/wp-json\/wp\/v2\/comments?post=905"}],"version-history":[{"count":36,"href":"https:\/\/appelfabriek.be\/fr\/wp-json\/wp\/v2\/pages\/905\/revisions"}],"predecessor-version":[{"id":1369,"href":"https:\/\/appelfabriek.be\/fr\/wp-json\/wp\/v2\/pages\/905\/revisions\/1369"}],"wp:attachment":[{"href":"https:\/\/appelfabriek.be\/fr\/wp-json\/wp\/v2\/media?parent=905"}],"curies":[{"name":"wp","href":"https:\/\/api.w.org\/{rel}","templated":true}]}}