{"id":464,"date":"2020-11-29T16:37:11","date_gmt":"2020-11-29T16:37:11","guid":{"rendered":"https:\/\/appelfabriek.be\/?page_id=464"},"modified":"2023-05-02T11:56:35","modified_gmt":"2023-05-02T11:56:35","slug":"de-boomgaarden","status":"publish","type":"page","link":"https:\/\/appelfabriek.be\/fr\/de-boomgaarden\/","title":{"rendered":"De boomgaarden"},"content":{"rendered":"<div data-elementor-type=\"wp-page\" data-elementor-id=\"464\" class=\"elementor elementor-464\">\n\t\t\t\t\t\t<div class=\"elementor-inner\">\n\t\t\t\t<div class=\"elementor-section-wrap\">\n\t\t\t\t\t\t\t\t\t<section class=\"elementor-section elementor-top-section elementor-element elementor-element-ebfacf5 elementor-section-height-min-height elementor-section-boxed elementor-section-height-default elementor-section-items-middle\" data-id=\"ebfacf5\" data-element_type=\"section\" data-settings=\"{&quot;background_background&quot;:&quot;classic&quot;}\">\n\t\t\t\t\t\t\t<div class=\"elementor-background-overlay\"><\/div>\n\t\t\t\t\t\t\t<div class=\"elementor-container elementor-column-gap-default\">\n\t\t\t\t\t\t\t<div class=\"elementor-row\">\n\t\t\t\t\t<div class=\"elementor-column elementor-col-100 elementor-top-column elementor-element elementor-element-cc8305f\" data-id=\"cc8305f\" data-element_type=\"column\">\n\t\t\t<div class=\"elementor-column-wrap elementor-element-populated\">\n\t\t\t\t\t\t\t<div class=\"elementor-widget-wrap\">\n\t\t\t\t\t\t<div class=\"elementor-element elementor-element-d5a067e elementor-widget-divider--view-line elementor-widget elementor-widget-divider\" data-id=\"d5a067e\" data-element_type=\"widget\" data-widget_type=\"divider.default\">\n\t\t\t\t<div class=\"elementor-widget-container\">\n\t\t\t\t\t<div class=\"elementor-divider\">\n\t\t\t<span class=\"elementor-divider-separator\">\n\t\t\t\t\t\t<\/span>\n\t\t<\/div>\n\t\t\t\t<\/div>\n\t\t\t\t<\/div>\n\t\t\t\t\t\t<\/div>\n\t\t\t\t\t<\/div>\n\t\t<\/div>\n\t\t\t\t\t\t\t\t<\/div>\n\t\t\t\t\t<\/div>\n\t\t<\/section>\n\t\t\t\t<section class=\"elementor-section elementor-top-section elementor-element elementor-element-4d2c9e9 elementor-reverse-mobile elementor-section-boxed elementor-section-height-default elementor-section-height-default\" data-id=\"4d2c9e9\" data-element_type=\"section\">\n\t\t\t\t\t\t<div class=\"elementor-container elementor-column-gap-no\">\n\t\t\t\t\t\t\t<div class=\"elementor-row\">\n\t\t\t\t\t<div class=\"elementor-column elementor-col-50 elementor-top-column elementor-element elementor-element-1148300\" data-id=\"1148300\" data-element_type=\"column\">\n\t\t\t<div class=\"elementor-column-wrap elementor-element-populated\">\n\t\t\t\t\t\t\t<div class=\"elementor-widget-wrap\">\n\t\t\t\t\t\t<div class=\"elementor-element elementor-element-f6c431d elementor-widget elementor-widget-heading\" data-id=\"f6c431d\" data-element_type=\"widget\" data-widget_type=\"heading.default\">\n\t\t\t\t<div class=\"elementor-widget-container\">\n\t\t\t<h1 class=\"elementor-heading-title elementor-size-default\">Nos vergers<\/h1>\t\t<\/div>\n\t\t\t\t<\/div>\n\t\t\t\t<div class=\"elementor-element elementor-element-5070b618 elementor-widget elementor-widget-heading\" data-id=\"5070b618\" data-element_type=\"widget\" data-widget_type=\"heading.default\">\n\t\t\t\t<div class=\"elementor-widget-container\">\n\t\t\t<h2 class=\"elementor-heading-title elementor-size-default\">Les vergers basses tiges<\/h2>\t\t<\/div>\n\t\t\t\t<\/div>\n\t\t\t\t<div class=\"elementor-element elementor-element-62d352e2 elementor-drop-cap-yes elementor-drop-cap-view-default elementor-widget elementor-widget-text-editor\" data-id=\"62d352e2\" data-element_type=\"widget\" data-settings=\"{&quot;drop_cap&quot;:&quot;yes&quot;}\" data-widget_type=\"text-editor.default\">\n\t\t\t\t<div class=\"elementor-widget-container\">\n\t\t\t\t\t\t\t\t<div class=\"elementor-text-editor elementor-clearfix\">\n\t\t\t\t<p class=\"font_8\"><span class=\"color_18\">Ce sont les vergers basses tiges qui nous donnent les pommes de table comme la jonagold, la topaz, la Elstar... . Ils sont tr\u00e8s productifs, mais n\u00e9cessitent beaucoup de soins. Le d\u00e9sherbage se fait de fa\u00e7on m\u00e9canique et manuelle.  Tous les traitements antiparasitaires se font avec des produits naturels ( extraits de plantes,\u2026).\n\nLes fruits moins beaux sont destin\u00e9s au jus de pommes, au sirop de poires, \u00e0 la gel\u00e9e et \u00e0 la compote.\u00a0<\/span><\/p><p class=\"font_8\"><span class=\"color_18\">Chaque ann\u00e9e au mois d'ao\u00fbt, notre \u00e9quipe commence \u00e0 cueillir des pommes et des poires ! Cette p\u00e9riode de cueillette dure environ quatre mois.\u00a0<\/span><\/p>\t\t\t\t\t<\/div>\n\t\t\t\t\t\t<\/div>\n\t\t\t\t<\/div>\n\t\t\t\t\t\t<\/div>\n\t\t\t\t\t<\/div>\n\t\t<\/div>\n\t\t\t\t<div class=\"elementor-column elementor-col-50 elementor-top-column elementor-element elementor-element-7285665\" data-id=\"7285665\" data-element_type=\"column\">\n\t\t\t<div class=\"elementor-column-wrap elementor-element-populated\">\n\t\t\t\t\t\t\t<div class=\"elementor-widget-wrap\">\n\t\t\t\t\t\t<div class=\"elementor-element elementor-element-508aa5f0 elementor-widget elementor-widget-image\" data-id=\"508aa5f0\" data-element_type=\"widget\" data-widget_type=\"image.default\">\n\t\t\t\t<div class=\"elementor-widget-container\">\n\t\t\t\t\t\t\t\t<div class=\"elementor-image\">\n\t\t\t\t\t\t\t\t\t\t\t\t<img decoding=\"async\" width=\"1024\" height=\"683\" src=\"https:\/\/appelfabriek.be\/wp-content\/uploads\/2023\/04\/EP1A0408-small-1024x683.jpg\" class=\"attachment-large size-large wp-image-1115\" alt=\"\" loading=\"lazy\" srcset=\"https:\/\/appelfabriek.be\/wp-content\/uploads\/2023\/04\/EP1A0408-small-1024x683.jpg 1024w, https:\/\/appelfabriek.be\/wp-content\/uploads\/2023\/04\/EP1A0408-small-300x200.jpg 300w, https:\/\/appelfabriek.be\/wp-content\/uploads\/2023\/04\/EP1A0408-small-768x512.jpg 768w, https:\/\/appelfabriek.be\/wp-content\/uploads\/2023\/04\/EP1A0408-small-18x12.jpg 18w, https:\/\/appelfabriek.be\/wp-content\/uploads\/2023\/04\/EP1A0408-small.jpg 1152w\" sizes=\"(max-width: 1024px) 100vw, 1024px\" \/>\t\t\t\t\t\t\t\t\t\t\t\t\t\t<\/div>\n\t\t\t\t\t\t<\/div>\n\t\t\t\t<\/div>\n\t\t\t\t\t\t<\/div>\n\t\t\t\t\t<\/div>\n\t\t<\/div>\n\t\t\t\t\t\t\t\t<\/div>\n\t\t\t\t\t<\/div>\n\t\t<\/section>\n\t\t\t\t<section class=\"elementor-section elementor-top-section elementor-element elementor-element-9e09982 elementor-section-boxed elementor-section-height-default elementor-section-height-default\" data-id=\"9e09982\" data-element_type=\"section\">\n\t\t\t\t\t\t<div class=\"elementor-container elementor-column-gap-no\">\n\t\t\t\t\t\t\t<div class=\"elementor-row\">\n\t\t\t\t\t<div class=\"elementor-column elementor-col-50 elementor-top-column elementor-element elementor-element-4b9de95\" data-id=\"4b9de95\" data-element_type=\"column\">\n\t\t\t<div class=\"elementor-column-wrap elementor-element-populated\">\n\t\t\t\t\t\t\t<div class=\"elementor-widget-wrap\">\n\t\t\t\t\t\t<div class=\"elementor-element elementor-element-1fab74e0 elementor-widget elementor-widget-image\" data-id=\"1fab74e0\" data-element_type=\"widget\" data-widget_type=\"image.default\">\n\t\t\t\t<div class=\"elementor-widget-container\">\n\t\t\t\t\t\t\t\t<div class=\"elementor-image\">\n\t\t\t\t\t\t\t\t\t\t\t\t<img decoding=\"async\" width=\"1024\" height=\"683\" src=\"https:\/\/appelfabriek.be\/wp-content\/uploads\/2020\/11\/DSC07119-1024x683.png\" class=\"attachment-large size-large wp-image-420\" alt=\"\" loading=\"lazy\" srcset=\"https:\/\/appelfabriek.be\/wp-content\/uploads\/2020\/11\/DSC07119-1024x683.png 1024w, https:\/\/appelfabriek.be\/wp-content\/uploads\/2020\/11\/DSC07119-300x200.png 300w, https:\/\/appelfabriek.be\/wp-content\/uploads\/2020\/11\/DSC07119-768x512.png 768w, https:\/\/appelfabriek.be\/wp-content\/uploads\/2020\/11\/DSC07119-1536x1024.png 1536w, https:\/\/appelfabriek.be\/wp-content\/uploads\/2020\/11\/DSC07119-2048x1366.png 2048w\" sizes=\"(max-width: 1024px) 100vw, 1024px\" \/>\t\t\t\t\t\t\t\t\t\t\t\t\t\t<\/div>\n\t\t\t\t\t\t<\/div>\n\t\t\t\t<\/div>\n\t\t\t\t\t\t<\/div>\n\t\t\t\t\t<\/div>\n\t\t<\/div>\n\t\t\t\t<div class=\"elementor-column elementor-col-50 elementor-top-column elementor-element elementor-element-ddc17dc\" data-id=\"ddc17dc\" data-element_type=\"column\">\n\t\t\t<div class=\"elementor-column-wrap elementor-element-populated\">\n\t\t\t\t\t\t\t<div class=\"elementor-widget-wrap\">\n\t\t\t\t\t\t<div class=\"elementor-element elementor-element-d8c8a33 elementor-widget elementor-widget-heading\" data-id=\"d8c8a33\" data-element_type=\"widget\" data-widget_type=\"heading.default\">\n\t\t\t\t<div class=\"elementor-widget-container\">\n\t\t\t<h2 class=\"elementor-heading-title elementor-size-default\">Le verger hautes tiges<\/h2>\t\t<\/div>\n\t\t\t\t<\/div>\n\t\t\t\t<div class=\"elementor-element elementor-element-3437ae6 elementor-drop-cap-yes elementor-drop-cap-view-default elementor-widget elementor-widget-text-editor\" data-id=\"3437ae6\" data-element_type=\"widget\" data-settings=\"{&quot;drop_cap&quot;:&quot;yes&quot;}\" data-widget_type=\"text-editor.default\">\n\t\t\t\t<div class=\"elementor-widget-container\">\n\t\t\t\t\t\t\t\t<div class=\"elementor-text-editor elementor-clearfix\">\n\t\t\t\t<p class=\"font_8\"><span class=\"color_19\">Le verger hautes tiges  avec les Belle-fleur, les Reinettes \u00e9toil\u00e9es,  les Gueules de Mouton,\u2026sont surtout utilis\u00e9s pour le jus.<\/span><\/p><p class=\"font_8\"><span class=\"color_19\">Certains arbres sont centenaires.<\/span><\/p><p class=\"font_8\"><span class=\"color_19\">Ces  grands arbres couverts de fleurs au printemps fournissent du pollen \u00e0 nos abeilles et  am\u00e9liorent le go\u00fbt du jus de pommes. L\u2019herbe sous les arbres est entretenue par des moutons de races locales.\u00a0<\/span><\/p>\t\t\t\t\t<\/div>\n\t\t\t\t\t\t<\/div>\n\t\t\t\t<\/div>\n\t\t\t\t\t\t<\/div>\n\t\t\t\t\t<\/div>\n\t\t<\/div>\n\t\t\t\t\t\t\t\t<\/div>\n\t\t\t\t\t<\/div>\n\t\t<\/section>\n\t\t\t\t<section class=\"elementor-section elementor-top-section elementor-element elementor-element-6027d0f elementor-reverse-mobile elementor-section-boxed elementor-section-height-default elementor-section-height-default\" data-id=\"6027d0f\" data-element_type=\"section\">\n\t\t\t\t\t\t<div class=\"elementor-container elementor-column-gap-no\">\n\t\t\t\t\t\t\t<div class=\"elementor-row\">\n\t\t\t\t\t<div class=\"elementor-column elementor-col-50 elementor-top-column elementor-element elementor-element-355c572\" data-id=\"355c572\" data-element_type=\"column\">\n\t\t\t<div class=\"elementor-column-wrap elementor-element-populated\">\n\t\t\t\t\t\t\t<div class=\"elementor-widget-wrap\">\n\t\t\t\t\t\t<div class=\"elementor-element elementor-element-8b4473b elementor-widget elementor-widget-heading\" data-id=\"8b4473b\" data-element_type=\"widget\" data-widget_type=\"heading.default\">\n\t\t\t\t<div class=\"elementor-widget-container\">\n\t\t\t<h2 class=\"elementor-heading-title elementor-size-default\">Les abeilles<\/h2>\t\t<\/div>\n\t\t\t\t<\/div>\n\t\t\t\t<div class=\"elementor-element elementor-element-8962406 elementor-drop-cap-yes elementor-drop-cap-view-default elementor-widget elementor-widget-text-editor\" data-id=\"8962406\" data-element_type=\"widget\" data-settings=\"{&quot;drop_cap&quot;:&quot;yes&quot;}\" data-widget_type=\"text-editor.default\">\n\t\t\t\t<div class=\"elementor-widget-container\">\n\t\t\t\t\t\t\t\t<div class=\"elementor-text-editor elementor-clearfix\">\n\t\t\t\t<p class=\"font_8\"><span class=\"color_18\">Elles sont indispensables \u00e0 la pollinisation et nous apportent  du bon miel de fleurs au printemps.<\/span><\/p><p class=\"font_8\"><span class=\"color_18\">Apr\u00e8s la floraison de printemps elles trouvent du miel dans les tilleuls et les acacias ainsi que dans les fleurs entre les pommiers.<\/span><\/p>\t\t\t\t\t<\/div>\n\t\t\t\t\t\t<\/div>\n\t\t\t\t<\/div>\n\t\t\t\t\t\t<\/div>\n\t\t\t\t\t<\/div>\n\t\t<\/div>\n\t\t\t\t<div class=\"elementor-column elementor-col-50 elementor-top-column elementor-element elementor-element-623a32c\" data-id=\"623a32c\" data-element_type=\"column\">\n\t\t\t<div class=\"elementor-column-wrap elementor-element-populated\">\n\t\t\t\t\t\t\t<div class=\"elementor-widget-wrap\">\n\t\t\t\t\t\t<div class=\"elementor-element elementor-element-628e670 elementor-widget elementor-widget-image\" data-id=\"628e670\" data-element_type=\"widget\" data-widget_type=\"image.default\">\n\t\t\t\t<div class=\"elementor-widget-container\">\n\t\t\t\t\t\t\t\t<div class=\"elementor-image\">\n\t\t\t\t\t\t\t\t\t\t\t\t<img decoding=\"async\" width=\"1024\" height=\"683\" src=\"https:\/\/appelfabriek.be\/wp-content\/uploads\/2020\/12\/honey-bees-insects-hive-401238-1024x683.jpg\" class=\"attachment-large size-large wp-image-668\" alt=\"honey bees, insects, hive\" loading=\"lazy\" srcset=\"https:\/\/appelfabriek.be\/wp-content\/uploads\/2020\/12\/honey-bees-insects-hive-401238-1024x683.jpg 1024w, https:\/\/appelfabriek.be\/wp-content\/uploads\/2020\/12\/honey-bees-insects-hive-401238-300x200.jpg 300w, https:\/\/appelfabriek.be\/wp-content\/uploads\/2020\/12\/honey-bees-insects-hive-401238-768x512.jpg 768w, https:\/\/appelfabriek.be\/wp-content\/uploads\/2020\/12\/honey-bees-insects-hive-401238.jpg 1280w\" sizes=\"(max-width: 1024px) 100vw, 1024px\" \/>\t\t\t\t\t\t\t\t\t\t\t\t\t\t<\/div>\n\t\t\t\t\t\t<\/div>\n\t\t\t\t<\/div>\n\t\t\t\t\t\t<\/div>\n\t\t\t\t\t<\/div>\n\t\t<\/div>\n\t\t\t\t\t\t\t\t<\/div>\n\t\t\t\t\t<\/div>\n\t\t<\/section>\n\t\t\t\t\t\t\t\t\t<\/div>\n\t\t\t<\/div>\n\t\t\t\t\t<\/div>","protected":false},"excerpt":{"rendered":"<p>Onze boomgaarden Laagstamboomgaarden\u200b De laagstamboomgaarden zijn onze belangrijkste bron van eetappelen en peren. De bomen en het fruit worden op een biologische manier onderhouden. Nergens worden scheikundige meststoffen gebruikt;\u00a0De onkruidbestrijding gebeurt mechanisch en manueel. Bij plagen worden alleen natuurlijke middelen (plantextracten,\u2026) ingezet.\u00a0 Elk jaar in augustus start ons team met het plukken van appelen en &hellip;<\/p>\n<p class=\"read-more\"> <a class=\"\" href=\"https:\/\/appelfabriek.be\/fr\/de-boomgaarden\/\"> <span class=\"screen-reader-text\">De boomgaarden<\/span> Lire la suite\u00a0\u00bb<\/a><\/p>","protected":false},"author":1,"featured_media":0,"parent":0,"menu_order":0,"comment_status":"closed","ping_status":"closed","template":"","meta":{"site-sidebar-layout":"no-sidebar","site-content-layout":"page-builder","ast-global-header-display":"","ast-main-header-display":"","ast-hfb-above-header-display":"","ast-hfb-below-header-display":"","ast-hfb-mobile-header-display":"","site-post-title":"disabled","ast-breadcrumbs-content":"","ast-featured-img":"disabled","footer-sml-layout":"","theme-transparent-header-meta":"enabled","adv-header-id-meta":"","stick-header-meta":"","header-above-stick-meta":"","header-main-stick-meta":"","header-below-stick-meta":""},"_links":{"self":[{"href":"https:\/\/appelfabriek.be\/fr\/wp-json\/wp\/v2\/pages\/464"}],"collection":[{"href":"https:\/\/appelfabriek.be\/fr\/wp-json\/wp\/v2\/pages"}],"about":[{"href":"https:\/\/appelfabriek.be\/fr\/wp-json\/wp\/v2\/types\/page"}],"author":[{"embeddable":true,"href":"https:\/\/appelfabriek.be\/fr\/wp-json\/wp\/v2\/users\/1"}],"replies":[{"embeddable":true,"href":"https:\/\/appelfabriek.be\/fr\/wp-json\/wp\/v2\/comments?post=464"}],"version-history":[{"count":58,"href":"https:\/\/appelfabriek.be\/fr\/wp-json\/wp\/v2\/pages\/464\/revisions"}],"predecessor-version":[{"id":1285,"href":"https:\/\/appelfabriek.be\/fr\/wp-json\/wp\/v2\/pages\/464\/revisions\/1285"}],"wp:attachment":[{"href":"https:\/\/appelfabriek.be\/fr\/wp-json\/wp\/v2\/media?parent=464"}],"curies":[{"name":"wp","href":"https:\/\/api.w.org\/{rel}","templated":true}]}}